{"id":25,"date":"2018-08-22T09:08:12","date_gmt":"2018-08-22T07:08:12","guid":{"rendered":"http:\/\/www.dieu-est-un-fumeur-de-havanes.fr\/?page_id=25"},"modified":"2021-01-02T19:37:21","modified_gmt":"2021-01-02T18:37:21","slug":"ile-de-france","status":"publish","type":"page","link":"https:\/\/www.dieu-est-un-fumeur-de-havanes.fr\/index.php\/ile-de-france\/","title":{"rendered":"\u00cele-de-France"},"content":{"rendered":"<figure id=\"attachment_1885\" aria-describedby=\"caption-attachment-1885\" style=\"width: 1024px\" class=\"wp-caption aligncenter\"><a href=\"http:\/\/www.dieu-est-un-fumeur-de-havanes.fr\/index.php\/ile-de-france\/paris\/\"><img loading=\"lazy\" class=\"wp-image-1885 size-large\" title=\"Acc\u00e9der \u00e0 la galerie compl\u00e8te (Paris)\" src=\"http:\/\/www.dieu-est-un-fumeur-de-havanes.fr\/wp-content\/uploads\/2019\/01\/header-2018-mai-paris2-1024x544.jpg\" alt=\"Acc\u00e9der \u00e0 la galerie compl\u00e8te (Paris) - Dieu est un fumeur de havanes\" width=\"1024\" height=\"544\" srcset=\"https:\/\/www.dieu-est-un-fumeur-de-havanes.fr\/wp-content\/uploads\/2019\/01\/header-2018-mai-paris2-1024x544.jpg 1024w, https:\/\/www.dieu-est-un-fumeur-de-havanes.fr\/wp-content\/uploads\/2019\/01\/header-2018-mai-paris2-400x213.jpg 400w, https:\/\/www.dieu-est-un-fumeur-de-havanes.fr\/wp-content\/uploads\/2019\/01\/header-2018-mai-paris2-768x408.jpg 768w, https:\/\/www.dieu-est-un-fumeur-de-havanes.fr\/wp-content\/uploads\/2019\/01\/header-2018-mai-paris2.jpg 1600w\" sizes=\"(max-width: 1024px) 100vw, 1024px\" \/><\/a><figcaption id=\"caption-attachment-1885\" class=\"wp-caption-text\"><strong>Paris, 2008 &#8211; 2019<\/strong> (222 photographies)<\/figcaption><\/figure>\n<figure id=\"attachment_3450\" aria-describedby=\"caption-attachment-3450\" style=\"width: 1600px\" class=\"wp-caption aligncenter\"><a href=\"https:\/\/www.dieu-est-un-fumeur-de-havanes.fr\/index.php\/ile-de-france\/fontainebleau\/\"><img loading=\"lazy\" class=\"wp-image-3450 size-full\" src=\"http:\/\/www.dieu-est-un-fumeur-de-havanes.fr\/wp-content\/uploads\/2021\/01\/header-2019-juin-fontainebleau.jpg\" alt=\"Acc\u00e9der \u00e0 la galerie compl\u00e8te (Fontaibleau) - Dieu est un fumeur de havanes\" width=\"1600\" height=\"850\" srcset=\"https:\/\/www.dieu-est-un-fumeur-de-havanes.fr\/wp-content\/uploads\/2021\/01\/header-2019-juin-fontainebleau.jpg 1600w, https:\/\/www.dieu-est-un-fumeur-de-havanes.fr\/wp-content\/uploads\/2021\/01\/header-2019-juin-fontainebleau-400x213.jpg 400w, https:\/\/www.dieu-est-un-fumeur-de-havanes.fr\/wp-content\/uploads\/2021\/01\/header-2019-juin-fontainebleau-768x408.jpg 768w, https:\/\/www.dieu-est-un-fumeur-de-havanes.fr\/wp-content\/uploads\/2021\/01\/header-2019-juin-fontainebleau-1024x544.jpg 1024w\" sizes=\"(max-width: 1600px) 100vw, 1600px\" \/><\/a><figcaption id=\"caption-attachment-3450\" class=\"wp-caption-text\"><strong>Fontainebleau<\/strong> (24 photographies)<\/figcaption><\/figure>\n<figure id=\"attachment_553\" aria-describedby=\"caption-attachment-553\" style=\"width: 1024px\" class=\"wp-caption aligncenter\"><a href=\"http:\/\/www.dieu-est-un-fumeur-de-havanes.fr\/index.php\/ile-de-france\/versailles\/\"><img loading=\"lazy\" class=\"wp-image-553 size-large\" title=\"Acc\u00e9der \u00e0 la galerie compl\u00e8te (Versailles)\" src=\"http:\/\/www.dieu-est-un-fumeur-de-havanes.fr\/wp-content\/uploads\/2018\/09\/header-2018-juin-versailles-1-1024x544.jpg\" alt=\"Acc\u00e9der \u00e0 la galerie compl\u00e8te (Versailles) - Dieu est un fumeur de havanes\" width=\"1024\" height=\"544\" srcset=\"https:\/\/www.dieu-est-un-fumeur-de-havanes.fr\/wp-content\/uploads\/2018\/09\/header-2018-juin-versailles-1-1024x544.jpg 1024w, https:\/\/www.dieu-est-un-fumeur-de-havanes.fr\/wp-content\/uploads\/2018\/09\/header-2018-juin-versailles-1-300x159.jpg 300w, https:\/\/www.dieu-est-un-fumeur-de-havanes.fr\/wp-content\/uploads\/2018\/09\/header-2018-juin-versailles-1-768x408.jpg 768w, https:\/\/www.dieu-est-un-fumeur-de-havanes.fr\/wp-content\/uploads\/2018\/09\/header-2018-juin-versailles-1.jpg 1600w\" sizes=\"(max-width: 1024px) 100vw, 1024px\" \/><\/a><figcaption id=\"caption-attachment-553\" class=\"wp-caption-text\"><strong>Versailles<\/strong> (12 photographies)<\/figcaption><\/figure>\n<figure id=\"attachment_552\" aria-describedby=\"caption-attachment-552\" style=\"width: 1024px\" class=\"wp-caption aligncenter\"><a href=\"http:\/\/www.dieu-est-un-fumeur-de-havanes.fr\/index.php\/ile-de-france\/vaux-le-vicomte\/\"><img loading=\"lazy\" class=\"wp-image-552 size-large\" title=\"Acc\u00e9der \u00e0 la galerie compl\u00e8te (Vaux-le-Vicomte)\" src=\"http:\/\/www.dieu-est-un-fumeur-de-havanes.fr\/wp-content\/uploads\/2018\/09\/header-2011-aout-vaux-le-vicomte-1-1024x544.jpg\" alt=\"Acc\u00e9der \u00e0 la galerie compl\u00e8te (Vaux-le-Vicomte) - Dieu est un fumeur de havanes\" width=\"1024\" height=\"544\" srcset=\"https:\/\/www.dieu-est-un-fumeur-de-havanes.fr\/wp-content\/uploads\/2018\/09\/header-2011-aout-vaux-le-vicomte-1-1024x544.jpg 1024w, https:\/\/www.dieu-est-un-fumeur-de-havanes.fr\/wp-content\/uploads\/2018\/09\/header-2011-aout-vaux-le-vicomte-1-300x159.jpg 300w, https:\/\/www.dieu-est-un-fumeur-de-havanes.fr\/wp-content\/uploads\/2018\/09\/header-2011-aout-vaux-le-vicomte-1-768x408.jpg 768w, https:\/\/www.dieu-est-un-fumeur-de-havanes.fr\/wp-content\/uploads\/2018\/09\/header-2011-aout-vaux-le-vicomte-1.jpg 1600w\" sizes=\"(max-width: 1024px) 100vw, 1024px\" \/><\/a><figcaption id=\"caption-attachment-552\" class=\"wp-caption-text\"><strong>Vaux-le-Vicomte <\/strong>(15 photographies)<\/figcaption><\/figure>\n<figure id=\"attachment_550\" aria-describedby=\"caption-attachment-550\" style=\"width: 1024px\" class=\"wp-caption aligncenter\"><a href=\"http:\/\/www.dieu-est-un-fumeur-de-havanes.fr\/index.php\/ile-de-france\/nemours\/\"><img loading=\"lazy\" class=\"wp-image-550 size-large\" title=\"Acc\u00e9der \u00e0 la galerie compl\u00e8te (Nemours)\" src=\"http:\/\/www.dieu-est-un-fumeur-de-havanes.fr\/wp-content\/uploads\/2018\/09\/header-2012-juin-nemours-3-1024x544.jpg\" alt=\"Acc\u00e9der \u00e0 la galerie compl\u00e8te (Nemours) - Dieu est un fumeur de havanes\" width=\"1024\" height=\"544\" srcset=\"https:\/\/www.dieu-est-un-fumeur-de-havanes.fr\/wp-content\/uploads\/2018\/09\/header-2012-juin-nemours-3-1024x544.jpg 1024w, https:\/\/www.dieu-est-un-fumeur-de-havanes.fr\/wp-content\/uploads\/2018\/09\/header-2012-juin-nemours-3-300x159.jpg 300w, https:\/\/www.dieu-est-un-fumeur-de-havanes.fr\/wp-content\/uploads\/2018\/09\/header-2012-juin-nemours-3-768x408.jpg 768w, https:\/\/www.dieu-est-un-fumeur-de-havanes.fr\/wp-content\/uploads\/2018\/09\/header-2012-juin-nemours-3.jpg 1600w\" sizes=\"(max-width: 1024px) 100vw, 1024px\" \/><\/a><figcaption id=\"caption-attachment-550\" class=\"wp-caption-text\"><strong>Nemours <\/strong>(12 photographies)<\/figcaption><\/figure>\n<figure id=\"attachment_939\" aria-describedby=\"caption-attachment-939\" style=\"width: 1024px\" class=\"wp-caption aligncenter\"><a href=\"http:\/\/www.dieu-est-un-fumeur-de-havanes.fr\/index.php\/ile-de-france\/chantilly\/\"><img loading=\"lazy\" class=\"wp-image-939 size-large\" title=\"Acc\u00e9der \u00e0 la galerie compl\u00e8te (Chantilly)\" src=\"http:\/\/www.dieu-est-un-fumeur-de-havanes.fr\/wp-content\/uploads\/2018\/10\/header-2008-aout-chantilly-1024x544.jpg\" alt=\"Acc\u00e9der \u00e0 la galerie compl\u00e8te (Chantilly) - Dieu est un fumeur de havanes\" width=\"1024\" height=\"544\" srcset=\"https:\/\/www.dieu-est-un-fumeur-de-havanes.fr\/wp-content\/uploads\/2018\/10\/header-2008-aout-chantilly-1024x544.jpg 1024w, https:\/\/www.dieu-est-un-fumeur-de-havanes.fr\/wp-content\/uploads\/2018\/10\/header-2008-aout-chantilly-400x213.jpg 400w, https:\/\/www.dieu-est-un-fumeur-de-havanes.fr\/wp-content\/uploads\/2018\/10\/header-2008-aout-chantilly-768x408.jpg 768w, https:\/\/www.dieu-est-un-fumeur-de-havanes.fr\/wp-content\/uploads\/2018\/10\/header-2008-aout-chantilly.jpg 1600w\" sizes=\"(max-width: 1024px) 100vw, 1024px\" \/><\/a><figcaption id=\"caption-attachment-939\" class=\"wp-caption-text\"><strong>Chantilly<\/strong> (8 photographies)<\/figcaption><\/figure>\n","protected":false},"excerpt":{"rendered":"","protected":false},"author":1,"featured_media":0,"parent":0,"menu_order":1,"comment_status":"closed","ping_status":"closed","template":"","meta":[],"_links":{"self":[{"href":"https:\/\/www.dieu-est-un-fumeur-de-havanes.fr\/index.php\/wp-json\/wp\/v2\/pages\/25"}],"collection":[{"href":"https:\/\/www.dieu-est-un-fumeur-de-havanes.fr\/index.php\/wp-json\/wp\/v2\/pages"}],"about":[{"href":"https:\/\/www.dieu-est-un-fumeur-de-havanes.fr\/index.php\/wp-json\/wp\/v2\/types\/page"}],"author":[{"embeddable":true,"href":"https:\/\/www.dieu-est-un-fumeur-de-havanes.fr\/index.php\/wp-json\/wp\/v2\/users\/1"}],"replies":[{"embeddable":true,"href":"https:\/\/www.dieu-est-un-fumeur-de-havanes.fr\/index.php\/wp-json\/wp\/v2\/comments?post=25"}],"version-history":[{"count":31,"href":"https:\/\/www.dieu-est-un-fumeur-de-havanes.fr\/index.php\/wp-json\/wp\/v2\/pages\/25\/revisions"}],"predecessor-version":[{"id":3503,"href":"https:\/\/www.dieu-est-un-fumeur-de-havanes.fr\/index.php\/wp-json\/wp\/v2\/pages\/25\/revisions\/3503"}],"wp:attachment":[{"href":"https:\/\/www.dieu-est-un-fumeur-de-havanes.fr\/index.php\/wp-json\/wp\/v2\/media?parent=25"}],"curies":[{"name":"wp","href":"https:\/\/api.w.org\/{rel}","templated":true}]}}