{"id":1515,"date":"2018-12-02T22:44:32","date_gmt":"2018-12-02T21:44:32","guid":{"rendered":"http:\/\/www.dieu-est-un-fumeur-de-havanes.fr\/?page_id=1515"},"modified":"2021-01-02T17:18:10","modified_gmt":"2021-01-02T16:18:10","slug":"europe","status":"publish","type":"page","link":"https:\/\/www.dieu-est-un-fumeur-de-havanes.fr\/index.php\/europe\/","title":{"rendered":"Europe"},"content":{"rendered":"<figure id=\"attachment_1521\" aria-describedby=\"caption-attachment-1521\" style=\"width: 1024px\" class=\"wp-caption aligncenter\"><a href=\"http:\/\/www.dieu-est-un-fumeur-de-havanes.fr\/index.php\/europe\/amsterdam\/\"><img loading=\"lazy\" class=\"wp-image-1521 size-large\" title=\"Acc\u00e9der \u00e0 la galerie compl\u00e8te (Amsterdam)\" src=\"http:\/\/www.dieu-est-un-fumeur-de-havanes.fr\/wp-content\/uploads\/2018\/12\/header-2010-mars-amsterdam-paysbas-6-1024x544.jpg\" alt=\"Acc\u00e9der \u00e0 la galerie compl\u00e8te (Amsterdam) - Dieu est un fumeur de havanes\" width=\"1024\" height=\"544\" srcset=\"https:\/\/www.dieu-est-un-fumeur-de-havanes.fr\/wp-content\/uploads\/2018\/12\/header-2010-mars-amsterdam-paysbas-6-1024x544.jpg 1024w, https:\/\/www.dieu-est-un-fumeur-de-havanes.fr\/wp-content\/uploads\/2018\/12\/header-2010-mars-amsterdam-paysbas-6-400x213.jpg 400w, https:\/\/www.dieu-est-un-fumeur-de-havanes.fr\/wp-content\/uploads\/2018\/12\/header-2010-mars-amsterdam-paysbas-6-768x408.jpg 768w, https:\/\/www.dieu-est-un-fumeur-de-havanes.fr\/wp-content\/uploads\/2018\/12\/header-2010-mars-amsterdam-paysbas-6.jpg 1600w\" sizes=\"(max-width: 1024px) 100vw, 1024px\" \/><\/a><figcaption id=\"caption-attachment-1521\" class=\"wp-caption-text\"><strong>Amsterdam<\/strong> (13 photographies)<\/figcaption><\/figure>\n<figure id=\"attachment_1556\" aria-describedby=\"caption-attachment-1556\" style=\"width: 1024px\" class=\"wp-caption aligncenter\"><a href=\"http:\/\/www.dieu-est-un-fumeur-de-havanes.fr\/index.php\/europe\/croatie\/\"><img loading=\"lazy\" class=\"wp-image-1556 size-large\" title=\"Acc\u00e9der \u00e0 la galerie compl\u00e8te (Croatie)\" src=\"http:\/\/www.dieu-est-un-fumeur-de-havanes.fr\/wp-content\/uploads\/2018\/12\/header-2009-juillet-croatie-1024x544.jpg\" alt=\"Acc\u00e9der \u00e0 la galerie compl\u00e8te (Croatie) - Dieu est un fumeur de havanes\" width=\"1024\" height=\"544\" srcset=\"https:\/\/www.dieu-est-un-fumeur-de-havanes.fr\/wp-content\/uploads\/2018\/12\/header-2009-juillet-croatie-1024x544.jpg 1024w, https:\/\/www.dieu-est-un-fumeur-de-havanes.fr\/wp-content\/uploads\/2018\/12\/header-2009-juillet-croatie-400x213.jpg 400w, https:\/\/www.dieu-est-un-fumeur-de-havanes.fr\/wp-content\/uploads\/2018\/12\/header-2009-juillet-croatie-768x408.jpg 768w, https:\/\/www.dieu-est-un-fumeur-de-havanes.fr\/wp-content\/uploads\/2018\/12\/header-2009-juillet-croatie.jpg 1600w\" sizes=\"(max-width: 1024px) 100vw, 1024px\" \/><\/a><figcaption id=\"caption-attachment-1556\" class=\"wp-caption-text\"><strong>Croatie <\/strong>(19 photographies)<\/figcaption><\/figure>\n<figure id=\"attachment_1723\" aria-describedby=\"caption-attachment-1723\" style=\"width: 1024px\" class=\"wp-caption aligncenter\"><a href=\"http:\/\/www.dieu-est-un-fumeur-de-havanes.fr\/index.php\/europe\/ecosse\/\"><img loading=\"lazy\" class=\"wp-image-1723 size-large\" title=\"Acc\u00e9der \u00e0 la galerie compl\u00e8te (Ecosse)\" src=\"http:\/\/www.dieu-est-un-fumeur-de-havanes.fr\/wp-content\/uploads\/2018\/12\/header-2013-mai-ecosse-grandebretagne-123-1024x544.jpg\" alt=\"Acc\u00e9der \u00e0 la galerie compl\u00e8te (Ecosse) - Dieu est un fumeur de havanes\" width=\"1024\" height=\"544\" srcset=\"https:\/\/www.dieu-est-un-fumeur-de-havanes.fr\/wp-content\/uploads\/2018\/12\/header-2013-mai-ecosse-grandebretagne-123-1024x544.jpg 1024w, https:\/\/www.dieu-est-un-fumeur-de-havanes.fr\/wp-content\/uploads\/2018\/12\/header-2013-mai-ecosse-grandebretagne-123-400x213.jpg 400w, https:\/\/www.dieu-est-un-fumeur-de-havanes.fr\/wp-content\/uploads\/2018\/12\/header-2013-mai-ecosse-grandebretagne-123-768x408.jpg 768w, https:\/\/www.dieu-est-un-fumeur-de-havanes.fr\/wp-content\/uploads\/2018\/12\/header-2013-mai-ecosse-grandebretagne-123.jpg 1600w\" sizes=\"(max-width: 1024px) 100vw, 1024px\" \/><\/a><figcaption id=\"caption-attachment-1723\" class=\"wp-caption-text\"><strong>Ecosse <\/strong>(138 photographies)<\/figcaption><\/figure>\n<figure id=\"attachment_2052\" aria-describedby=\"caption-attachment-2052\" style=\"width: 1024px\" class=\"wp-caption aligncenter\"><a href=\"http:\/\/www.dieu-est-un-fumeur-de-havanes.fr\/index.php\/europe\/espagne\/\"><img loading=\"lazy\" class=\"wp-image-2052 size-large\" title=\"Espagne (132 photographies)\" src=\"http:\/\/www.dieu-est-un-fumeur-de-havanes.fr\/wp-content\/uploads\/2019\/01\/header-espagne-aout-2015-1024x544.jpg\" alt=\"Acc\u00e9der \u00e0 la galerie compl\u00e8te (Espagne) - Dieu est un fumeur de havanes\" width=\"1024\" height=\"544\" srcset=\"https:\/\/www.dieu-est-un-fumeur-de-havanes.fr\/wp-content\/uploads\/2019\/01\/header-espagne-aout-2015-1024x544.jpg 1024w, https:\/\/www.dieu-est-un-fumeur-de-havanes.fr\/wp-content\/uploads\/2019\/01\/header-espagne-aout-2015-400x213.jpg 400w, https:\/\/www.dieu-est-un-fumeur-de-havanes.fr\/wp-content\/uploads\/2019\/01\/header-espagne-aout-2015-768x408.jpg 768w, https:\/\/www.dieu-est-un-fumeur-de-havanes.fr\/wp-content\/uploads\/2019\/01\/header-espagne-aout-2015.jpg 1600w\" sizes=\"(max-width: 1024px) 100vw, 1024px\" \/><\/a><figcaption id=\"caption-attachment-2052\" class=\"wp-caption-text\"><strong>Espagne<\/strong> (132 photographies)<\/figcaption><\/figure>\n<figure id=\"attachment_2162\" aria-describedby=\"caption-attachment-2162\" style=\"width: 1024px\" class=\"wp-caption aligncenter\"><a href=\"http:\/\/www.dieu-est-un-fumeur-de-havanes.fr\/index.php\/europe\/grece\/\"><img loading=\"lazy\" class=\"wp-image-2162 size-large\" title=\"Gr\u00e8ce\" src=\"http:\/\/www.dieu-est-un-fumeur-de-havanes.fr\/wp-content\/uploads\/2019\/02\/header-2017-aout-santorin-1-1024x544.jpg\" alt=\"Acc\u00e9der \u00e0 la galerie compl\u00e8te (Gr\u00e8ce) - Dieu est un fumeur de havanes\" width=\"1024\" height=\"544\" srcset=\"https:\/\/www.dieu-est-un-fumeur-de-havanes.fr\/wp-content\/uploads\/2019\/02\/header-2017-aout-santorin-1-1024x544.jpg 1024w, https:\/\/www.dieu-est-un-fumeur-de-havanes.fr\/wp-content\/uploads\/2019\/02\/header-2017-aout-santorin-1-400x213.jpg 400w, https:\/\/www.dieu-est-un-fumeur-de-havanes.fr\/wp-content\/uploads\/2019\/02\/header-2017-aout-santorin-1-768x408.jpg 768w, https:\/\/www.dieu-est-un-fumeur-de-havanes.fr\/wp-content\/uploads\/2019\/02\/header-2017-aout-santorin-1.jpg 1600w\" sizes=\"(max-width: 1024px) 100vw, 1024px\" \/><\/a><figcaption id=\"caption-attachment-2162\" class=\"wp-caption-text\"><strong>Gr\u00e8ce<\/strong> (140 photographies)<\/figcaption><\/figure>\n<figure id=\"attachment_1864\" aria-describedby=\"caption-attachment-1864\" style=\"width: 1024px\" class=\"wp-caption aligncenter\"><a href=\"http:\/\/www.dieu-est-un-fumeur-de-havanes.fr\/index.php\/europe\/italie-du-nord\/\"><img loading=\"lazy\" class=\"wp-image-1864 size-large\" title=\"Acc\u00e9der \u00e0 la galerie compl\u00e8te (Italie)\" src=\"http:\/\/www.dieu-est-un-fumeur-de-havanes.fr\/wp-content\/uploads\/2019\/01\/header-italie-aout-2016-1024x544.jpg\" alt=\"Acc\u00e9der \u00e0 la galerie compl\u00e8te (Italie du Nord) - Dieu est un fumeur de havanes\" width=\"1024\" height=\"544\" srcset=\"https:\/\/www.dieu-est-un-fumeur-de-havanes.fr\/wp-content\/uploads\/2019\/01\/header-italie-aout-2016-1024x544.jpg 1024w, https:\/\/www.dieu-est-un-fumeur-de-havanes.fr\/wp-content\/uploads\/2019\/01\/header-italie-aout-2016-400x213.jpg 400w, https:\/\/www.dieu-est-un-fumeur-de-havanes.fr\/wp-content\/uploads\/2019\/01\/header-italie-aout-2016-768x408.jpg 768w, https:\/\/www.dieu-est-un-fumeur-de-havanes.fr\/wp-content\/uploads\/2019\/01\/header-italie-aout-2016.jpg 1600w\" sizes=\"(max-width: 1024px) 100vw, 1024px\" \/><\/a><figcaption id=\"caption-attachment-1864\" class=\"wp-caption-text\"><strong>Italie du Nord <\/strong>(139 photographies)<\/figcaption><\/figure>\n<figure id=\"attachment_2429\" aria-describedby=\"caption-attachment-2429\" style=\"width: 1024px\" class=\"wp-caption aligncenter\"><a href=\"http:\/\/www.dieu-est-un-fumeur-de-havanes.fr\/index.php\/europe\/rome\/\"><img loading=\"lazy\" class=\"wp-image-2429 size-large\" src=\"http:\/\/www.dieu-est-un-fumeur-de-havanes.fr\/wp-content\/uploads\/2019\/03\/2013-aout-rome-127-1024x544.jpg\" alt=\"Acc\u00e9der \u00e0 la galerie compl\u00e8te (Rome) - Dieu est un fumeur de havanes\" width=\"1024\" height=\"544\" srcset=\"https:\/\/www.dieu-est-un-fumeur-de-havanes.fr\/wp-content\/uploads\/2019\/03\/2013-aout-rome-127-1024x544.jpg 1024w, https:\/\/www.dieu-est-un-fumeur-de-havanes.fr\/wp-content\/uploads\/2019\/03\/2013-aout-rome-127-400x213.jpg 400w, https:\/\/www.dieu-est-un-fumeur-de-havanes.fr\/wp-content\/uploads\/2019\/03\/2013-aout-rome-127-768x408.jpg 768w, https:\/\/www.dieu-est-un-fumeur-de-havanes.fr\/wp-content\/uploads\/2019\/03\/2013-aout-rome-127.jpg 1600w\" sizes=\"(max-width: 1024px) 100vw, 1024px\" \/><\/a><figcaption id=\"caption-attachment-2429\" class=\"wp-caption-text\"><strong>Italie &#8211; Rome<\/strong> (96 photographies)<\/figcaption><\/figure>\n<figure id=\"attachment_2521\" aria-describedby=\"caption-attachment-2521\" style=\"width: 1024px\" class=\"wp-caption aligncenter\"><a href=\"http:\/\/www.dieu-est-un-fumeur-de-havanes.fr\/index.php\/europe\/sicile\/\"><img loading=\"lazy\" class=\"wp-image-2521 size-large\" src=\"http:\/\/www.dieu-est-un-fumeur-de-havanes.fr\/wp-content\/uploads\/2019\/03\/2011-aout-sicile-1024x544.jpg\" alt=\"Acc\u00e9der \u00e0 la galerie compl\u00e8te (Sicile) - Dieu est un fumeur de havanes\" width=\"1024\" height=\"544\" srcset=\"https:\/\/www.dieu-est-un-fumeur-de-havanes.fr\/wp-content\/uploads\/2019\/03\/2011-aout-sicile-1024x544.jpg 1024w, https:\/\/www.dieu-est-un-fumeur-de-havanes.fr\/wp-content\/uploads\/2019\/03\/2011-aout-sicile-400x213.jpg 400w, https:\/\/www.dieu-est-un-fumeur-de-havanes.fr\/wp-content\/uploads\/2019\/03\/2011-aout-sicile-768x408.jpg 768w, https:\/\/www.dieu-est-un-fumeur-de-havanes.fr\/wp-content\/uploads\/2019\/03\/2011-aout-sicile.jpg 1600w\" sizes=\"(max-width: 1024px) 100vw, 1024px\" \/><\/a><figcaption id=\"caption-attachment-2521\" class=\"wp-caption-text\"><strong>Italie &#8211; Sicile<\/strong> (71 photographies)<\/figcaption><\/figure>\n<figure id=\"attachment_1952\" aria-describedby=\"caption-attachment-1952\" style=\"width: 1024px\" class=\"wp-caption aligncenter\"><a href=\"http:\/\/www.dieu-est-un-fumeur-de-havanes.fr\/index.php\/europe\/londres\/\"><img loading=\"lazy\" class=\"wp-image-1952 size-large\" title=\"Acc\u00e9der \u00e0 la galerie compl\u00e8te (Londres)\" src=\"http:\/\/www.dieu-est-un-fumeur-de-havanes.fr\/wp-content\/uploads\/2019\/01\/header-2010-aout-londres-grandebretagne-13-1024x544.jpg\" alt=\"Acc\u00e9der \u00e0 la galerie compl\u00e8te (Londres) - Dieu est un fumeur de havanes\" width=\"1024\" height=\"544\" srcset=\"https:\/\/www.dieu-est-un-fumeur-de-havanes.fr\/wp-content\/uploads\/2019\/01\/header-2010-aout-londres-grandebretagne-13-1024x544.jpg 1024w, https:\/\/www.dieu-est-un-fumeur-de-havanes.fr\/wp-content\/uploads\/2019\/01\/header-2010-aout-londres-grandebretagne-13-400x213.jpg 400w, https:\/\/www.dieu-est-un-fumeur-de-havanes.fr\/wp-content\/uploads\/2019\/01\/header-2010-aout-londres-grandebretagne-13-768x408.jpg 768w, https:\/\/www.dieu-est-un-fumeur-de-havanes.fr\/wp-content\/uploads\/2019\/01\/header-2010-aout-londres-grandebretagne-13.jpg 1600w\" sizes=\"(max-width: 1024px) 100vw, 1024px\" \/><\/a><figcaption id=\"caption-attachment-1952\" class=\"wp-caption-text\"><strong>Londres<\/strong> (23 photographies)<\/figcaption><\/figure>\n<figure id=\"attachment_3266\" aria-describedby=\"caption-attachment-3266\" style=\"width: 1024px\" class=\"wp-caption aligncenter\"><a href=\"http:\/\/www.dieu-est-un-fumeur-de-havanes.fr\/index.php\/europe\/norvege\/\"><img loading=\"lazy\" class=\"wp-image-3266 size-large\" src=\"http:\/\/www.dieu-est-un-fumeur-de-havanes.fr\/wp-content\/uploads\/2020\/08\/2019-aout-norvege-trollstingen-header-c-1024x544.jpg\" alt=\"Acc\u00e9der \u00e0 la galerie compl\u00e8te (Norv\u00e8ge) - Dieu est un fumeur de havanes\" width=\"1024\" height=\"544\" srcset=\"https:\/\/www.dieu-est-un-fumeur-de-havanes.fr\/wp-content\/uploads\/2020\/08\/2019-aout-norvege-trollstingen-header-c-1024x544.jpg 1024w, https:\/\/www.dieu-est-un-fumeur-de-havanes.fr\/wp-content\/uploads\/2020\/08\/2019-aout-norvege-trollstingen-header-c-400x213.jpg 400w, https:\/\/www.dieu-est-un-fumeur-de-havanes.fr\/wp-content\/uploads\/2020\/08\/2019-aout-norvege-trollstingen-header-c-768x408.jpg 768w, https:\/\/www.dieu-est-un-fumeur-de-havanes.fr\/wp-content\/uploads\/2020\/08\/2019-aout-norvege-trollstingen-header-c.jpg 1600w\" sizes=\"(max-width: 1024px) 100vw, 1024px\" \/><\/a><figcaption id=\"caption-attachment-3266\" class=\"wp-caption-text\"><strong>Norv\u00e8ge <\/strong>(172 photographies)<\/figcaption><\/figure>\n<figure id=\"attachment_2321\" aria-describedby=\"caption-attachment-2321\" style=\"width: 1024px\" class=\"wp-caption aligncenter\"><a href=\"http:\/\/www.dieu-est-un-fumeur-de-havanes.fr\/index.php\/europe\/prague\/\"><img loading=\"lazy\" class=\"wp-image-2321 size-large\" title=\"Acc\u00e9der \u00e0 la galerie compl\u00e8te (Prague)\" src=\"http:\/\/www.dieu-est-un-fumeur-de-havanes.fr\/wp-content\/uploads\/2019\/03\/header-2011-avril-prague-republiquetcheque-22-1024x544.jpg\" alt=\"Acc\u00e9der \u00e0 la galerie compl\u00e8te (Prague) - Dieu est un fumeur de havanes\" width=\"1024\" height=\"544\" srcset=\"https:\/\/www.dieu-est-un-fumeur-de-havanes.fr\/wp-content\/uploads\/2019\/03\/header-2011-avril-prague-republiquetcheque-22-1024x544.jpg 1024w, https:\/\/www.dieu-est-un-fumeur-de-havanes.fr\/wp-content\/uploads\/2019\/03\/header-2011-avril-prague-republiquetcheque-22-400x213.jpg 400w, https:\/\/www.dieu-est-un-fumeur-de-havanes.fr\/wp-content\/uploads\/2019\/03\/header-2011-avril-prague-republiquetcheque-22-768x408.jpg 768w, https:\/\/www.dieu-est-un-fumeur-de-havanes.fr\/wp-content\/uploads\/2019\/03\/header-2011-avril-prague-republiquetcheque-22.jpg 1600w\" sizes=\"(max-width: 1024px) 100vw, 1024px\" \/><\/a><figcaption id=\"caption-attachment-2321\" class=\"wp-caption-text\"><strong>Prague<\/strong> (22 photographies)<\/figcaption><\/figure>\n","protected":false},"excerpt":{"rendered":"","protected":false},"author":1,"featured_media":0,"parent":0,"menu_order":3,"comment_status":"closed","ping_status":"closed","template":"","meta":[],"_links":{"self":[{"href":"https:\/\/www.dieu-est-un-fumeur-de-havanes.fr\/index.php\/wp-json\/wp\/v2\/pages\/1515"}],"collection":[{"href":"https:\/\/www.dieu-est-un-fumeur-de-havanes.fr\/index.php\/wp-json\/wp\/v2\/pages"}],"about":[{"href":"https:\/\/www.dieu-est-un-fumeur-de-havanes.fr\/index.php\/wp-json\/wp\/v2\/types\/page"}],"author":[{"embeddable":true,"href":"https:\/\/www.dieu-est-un-fumeur-de-havanes.fr\/index.php\/wp-json\/wp\/v2\/users\/1"}],"replies":[{"embeddable":true,"href":"https:\/\/www.dieu-est-un-fumeur-de-havanes.fr\/index.php\/wp-json\/wp\/v2\/comments?post=1515"}],"version-history":[{"count":32,"href":"https:\/\/www.dieu-est-un-fumeur-de-havanes.fr\/index.php\/wp-json\/wp\/v2\/pages\/1515\/revisions"}],"predecessor-version":[{"id":3402,"href":"https:\/\/www.dieu-est-un-fumeur-de-havanes.fr\/index.php\/wp-json\/wp\/v2\/pages\/1515\/revisions\/3402"}],"wp:attachment":[{"href":"https:\/\/www.dieu-est-un-fumeur-de-havanes.fr\/index.php\/wp-json\/wp\/v2\/media?parent=1515"}],"curies":[{"name":"wp","href":"https:\/\/api.w.org\/{rel}","templated":true}]}}