{"id":1441,"date":"2018-11-14T21:55:08","date_gmt":"2018-11-14T20:55:08","guid":{"rendered":"http:\/\/www.dieu-est-un-fumeur-de-havanes.fr\/?page_id=1441"},"modified":"2018-11-15T00:13:10","modified_gmt":"2018-11-14T23:13:10","slug":"pyrenees-catalanes","status":"publish","type":"page","link":"https:\/\/www.dieu-est-un-fumeur-de-havanes.fr\/index.php\/hexagone\/pyrenees-catalanes\/","title":{"rendered":"Pyr\u00e9n\u00e9es catalanes"},"content":{"rendered":"<p style=\"text-align: center;\"><div class=\"rl-gallery-container rl-loading\" id=\"rl-gallery-container-1\" data-gallery_id=\"1463\"> <div class=\"rl-gallery rl-basicgrid-gallery rl-hover-effect-2\" id=\"rl-gallery-1\" data-gallery_no=\"1\"> <div class=\"rl-gallery-item\"><a href=\"https:\/\/www.dieu-est-un-fumeur-de-havanes.fr\/wp-content\/uploads\/2018\/11\/2014-juillet-pyrenees-cat-2-768x1024.jpg\" title=\"Pla de Barr\u00e8s, Pyr\u00e9n\u00e9es catalanes\" data-rl_title=\"Pla de Barr\u00e8s, Pyr\u00e9n\u00e9es catalanes\" class=\"rl-gallery-link\" data-rl_caption=\"France - juillet 2014\" data-rel=\"lightbox-gallery-1\"><img src=\"https:\/\/www.dieu-est-un-fumeur-de-havanes.fr\/wp-content\/uploads\/2018\/11\/2014-juillet-pyrenees-cat-2-250x250.jpg\" width=\"250\" height=\"250\" \/><span class=\"rl-gallery-caption\"><span class=\"rl-gallery-item-title\">Pla de Barr\u00e8s, Pyr\u00e9n\u00e9es catalanes<\/span><span class=\"rl-gallery-item-caption\">France - juillet 2014<\/span><\/span><\/a><\/div><div class=\"rl-gallery-item\"><a href=\"https:\/\/www.dieu-est-un-fumeur-de-havanes.fr\/wp-content\/uploads\/2018\/11\/2013-juillet-pyrenees-cat-3-1024x768.jpg\" title=\"Pyr\u00e9n\u00e9es catalanes\" data-rl_title=\"Pyr\u00e9n\u00e9es catalanes\" class=\"rl-gallery-link\" data-rl_caption=\"France - juillet 2013\" data-rel=\"lightbox-gallery-1\"><img src=\"https:\/\/www.dieu-est-un-fumeur-de-havanes.fr\/wp-content\/uploads\/2018\/11\/2013-juillet-pyrenees-cat-3-250x250.jpg\" width=\"250\" height=\"250\" \/><span class=\"rl-gallery-caption\"><span class=\"rl-gallery-item-title\">Pyr\u00e9n\u00e9es catalanes<\/span><span class=\"rl-gallery-item-caption\">France - juillet 2013<\/span><\/span><\/a><\/div><div class=\"rl-gallery-item\"><a href=\"https:\/\/www.dieu-est-un-fumeur-de-havanes.fr\/wp-content\/uploads\/2018\/11\/2013-juillet-pyrenees-cat-4-768x1024.jpg\" title=\"Pyr\u00e9n\u00e9es catalanes\" data-rl_title=\"Pyr\u00e9n\u00e9es catalanes\" class=\"rl-gallery-link\" data-rl_caption=\"France - juillet 2013\" data-rel=\"lightbox-gallery-1\"><img src=\"https:\/\/www.dieu-est-un-fumeur-de-havanes.fr\/wp-content\/uploads\/2018\/11\/2013-juillet-pyrenees-cat-4-250x250.jpg\" width=\"250\" height=\"250\" \/><span class=\"rl-gallery-caption\"><span class=\"rl-gallery-item-title\">Pyr\u00e9n\u00e9es catalanes<\/span><span class=\"rl-gallery-item-caption\">France - juillet 2013<\/span><\/span><\/a><\/div><div class=\"rl-gallery-item\"><a href=\"https:\/\/www.dieu-est-un-fumeur-de-havanes.fr\/wp-content\/uploads\/2018\/11\/2014-juillet-pyrenees-cat-9-1024x768.jpg\" title=\"Lac de Matemale, Pyr\u00e9n\u00e9es catalanes\" data-rl_title=\"Lac de Matemale, Pyr\u00e9n\u00e9es catalanes\" class=\"rl-gallery-link\" data-rl_caption=\"France - juillet 2014\" data-rel=\"lightbox-gallery-1\"><img src=\"https:\/\/www.dieu-est-un-fumeur-de-havanes.fr\/wp-content\/uploads\/2018\/11\/2014-juillet-pyrenees-cat-9-250x250.jpg\" width=\"250\" height=\"250\" \/><span class=\"rl-gallery-caption\"><span class=\"rl-gallery-item-title\">Lac de Matemale, Pyr\u00e9n\u00e9es catalanes<\/span><span class=\"rl-gallery-item-caption\">France - juillet 2014<\/span><\/span><\/a><\/div><div class=\"rl-gallery-item\"><a href=\"https:\/\/www.dieu-est-un-fumeur-de-havanes.fr\/wp-content\/uploads\/2018\/11\/2014-juillet-pyrenees-cat-6-1024x768.jpg\" title=\"Pyr\u00e9n\u00e9es catalanes\" data-rl_title=\"Pyr\u00e9n\u00e9es catalanes\" class=\"rl-gallery-link\" data-rl_caption=\"France - juillet 2014\" data-rel=\"lightbox-gallery-1\"><img src=\"https:\/\/www.dieu-est-un-fumeur-de-havanes.fr\/wp-content\/uploads\/2018\/11\/2014-juillet-pyrenees-cat-6-250x250.jpg\" width=\"250\" height=\"250\" \/><span class=\"rl-gallery-caption\"><span class=\"rl-gallery-item-title\">Pyr\u00e9n\u00e9es catalanes<\/span><span class=\"rl-gallery-item-caption\">France - juillet 2014<\/span><\/span><\/a><\/div><div class=\"rl-gallery-item\"><a href=\"https:\/\/www.dieu-est-un-fumeur-de-havanes.fr\/wp-content\/uploads\/2018\/11\/2014-juillet-pyrenees-cat-3-768x1024.jpg\" title=\"Pla de Barr\u00e8s, Pyr\u00e9n\u00e9es catalanes\" data-rl_title=\"Pla de Barr\u00e8s, Pyr\u00e9n\u00e9es catalanes\" class=\"rl-gallery-link\" data-rl_caption=\"France - juillet 2014\" data-rel=\"lightbox-gallery-1\"><img src=\"https:\/\/www.dieu-est-un-fumeur-de-havanes.fr\/wp-content\/uploads\/2018\/11\/2014-juillet-pyrenees-cat-3-250x250.jpg\" width=\"250\" height=\"250\" \/><span class=\"rl-gallery-caption\"><span class=\"rl-gallery-item-title\">Pla de Barr\u00e8s, Pyr\u00e9n\u00e9es catalanes<\/span><span class=\"rl-gallery-item-caption\">France - juillet 2014<\/span><\/span><\/a><\/div><div class=\"rl-gallery-item\"><a href=\"https:\/\/www.dieu-est-un-fumeur-de-havanes.fr\/wp-content\/uploads\/2018\/11\/2013-juillet-pyrenees-cat-1-768x1024.jpg\" title=\"Pyr\u00e9n\u00e9es catalanes\" data-rl_title=\"Pyr\u00e9n\u00e9es catalanes\" class=\"rl-gallery-link\" data-rl_caption=\"France - juillet 2013\" data-rel=\"lightbox-gallery-1\"><img src=\"https:\/\/www.dieu-est-un-fumeur-de-havanes.fr\/wp-content\/uploads\/2018\/11\/2013-juillet-pyrenees-cat-1-250x250.jpg\" width=\"250\" height=\"250\" \/><span class=\"rl-gallery-caption\"><span class=\"rl-gallery-item-title\">Pyr\u00e9n\u00e9es catalanes<\/span><span class=\"rl-gallery-item-caption\">France - juillet 2013<\/span><\/span><\/a><\/div><div class=\"rl-gallery-item\"><a href=\"https:\/\/www.dieu-est-un-fumeur-de-havanes.fr\/wp-content\/uploads\/2018\/11\/2014-juillet-pyrenees-cat-10-1024x768.jpg\" title=\"Lac de Matemale, Pyr\u00e9n\u00e9es catalanes\" data-rl_title=\"Lac de Matemale, Pyr\u00e9n\u00e9es catalanes\" class=\"rl-gallery-link\" data-rl_caption=\"France - juillet 2014\" data-rel=\"lightbox-gallery-1\"><img src=\"https:\/\/www.dieu-est-un-fumeur-de-havanes.fr\/wp-content\/uploads\/2018\/11\/2014-juillet-pyrenees-cat-10-250x250.jpg\" width=\"250\" height=\"250\" \/><span class=\"rl-gallery-caption\"><span class=\"rl-gallery-item-title\">Lac de Matemale, Pyr\u00e9n\u00e9es catalanes<\/span><span class=\"rl-gallery-item-caption\">France - juillet 2014<\/span><\/span><\/a><\/div><div class=\"rl-gallery-item\"><a href=\"https:\/\/www.dieu-est-un-fumeur-de-havanes.fr\/wp-content\/uploads\/2018\/11\/2013-juillet-pyrenees-cat-5-1024x768.jpg\" title=\"Pyr\u00e9n\u00e9es catalanes\" data-rl_title=\"Pyr\u00e9n\u00e9es catalanes\" class=\"rl-gallery-link\" data-rl_caption=\"France - juillet 2013\" data-rel=\"lightbox-gallery-1\"><img src=\"https:\/\/www.dieu-est-un-fumeur-de-havanes.fr\/wp-content\/uploads\/2018\/11\/2013-juillet-pyrenees-cat-5-250x250.jpg\" width=\"250\" height=\"250\" \/><span class=\"rl-gallery-caption\"><span class=\"rl-gallery-item-title\">Pyr\u00e9n\u00e9es catalanes<\/span><span class=\"rl-gallery-item-caption\">France - juillet 2013<\/span><\/span><\/a><\/div><div class=\"rl-gallery-item\"><a href=\"https:\/\/www.dieu-est-un-fumeur-de-havanes.fr\/wp-content\/uploads\/2018\/11\/2013-juillet-pyrenees-cat-8-1024x768.jpg\" title=\"Lac de Matemale, Pyr\u00e9n\u00e9es catalanes\" data-rl_title=\"Lac de Matemale, Pyr\u00e9n\u00e9es catalanes\" class=\"rl-gallery-link\" data-rl_caption=\"France - juillet 2013\" data-rel=\"lightbox-gallery-1\"><img src=\"https:\/\/www.dieu-est-un-fumeur-de-havanes.fr\/wp-content\/uploads\/2018\/11\/2013-juillet-pyrenees-cat-8-250x250.jpg\" width=\"250\" height=\"250\" \/><span class=\"rl-gallery-caption\"><span class=\"rl-gallery-item-title\">Lac de Matemale, Pyr\u00e9n\u00e9es catalanes<\/span><span class=\"rl-gallery-item-caption\">France - juillet 2013<\/span><\/span><\/a><\/div><div class=\"rl-gallery-item\"><a href=\"https:\/\/www.dieu-est-un-fumeur-de-havanes.fr\/wp-content\/uploads\/2018\/11\/2014-juillet-pyrenees-cat-4-1024x768.jpg\" title=\"Pla de Barr\u00e8s, Pyr\u00e9n\u00e9es catalanes\" data-rl_title=\"Pla de Barr\u00e8s, Pyr\u00e9n\u00e9es catalanes\" class=\"rl-gallery-link\" data-rl_caption=\"France - juillet 2014\" data-rel=\"lightbox-gallery-1\"><img src=\"https:\/\/www.dieu-est-un-fumeur-de-havanes.fr\/wp-content\/uploads\/2018\/11\/2014-juillet-pyrenees-cat-4-250x250.jpg\" width=\"250\" height=\"250\" \/><span class=\"rl-gallery-caption\"><span class=\"rl-gallery-item-title\">Pla de Barr\u00e8s, Pyr\u00e9n\u00e9es catalanes<\/span><span class=\"rl-gallery-item-caption\">France - juillet 2014<\/span><\/span><\/a><\/div><div class=\"rl-gallery-item\"><a href=\"https:\/\/www.dieu-est-un-fumeur-de-havanes.fr\/wp-content\/uploads\/2018\/11\/2014-juillet-pyrenees-cat-1-1024x768.jpg\" title=\"Pla de Barr\u00e8s, Pyr\u00e9n\u00e9es catalanes\" data-rl_title=\"Pla de Barr\u00e8s, Pyr\u00e9n\u00e9es catalanes\" class=\"rl-gallery-link\" data-rl_caption=\"France - juillet 2014\" data-rel=\"lightbox-gallery-1\"><img src=\"https:\/\/www.dieu-est-un-fumeur-de-havanes.fr\/wp-content\/uploads\/2018\/11\/2014-juillet-pyrenees-cat-1-250x250.jpg\" width=\"250\" height=\"250\" \/><span class=\"rl-gallery-caption\"><span class=\"rl-gallery-item-title\">Pla de Barr\u00e8s, Pyr\u00e9n\u00e9es catalanes<\/span><span class=\"rl-gallery-item-caption\">France - juillet 2014<\/span><\/span><\/a><\/div><div class=\"rl-gallery-item\"><a href=\"https:\/\/www.dieu-est-un-fumeur-de-havanes.fr\/wp-content\/uploads\/2018\/11\/2013-juillet-pyrenees-cat-7-768x1024.jpg\" title=\"Pyr\u00e9n\u00e9es catalanes\" data-rl_title=\"Pyr\u00e9n\u00e9es catalanes\" class=\"rl-gallery-link\" data-rl_caption=\"France - juillet 2013\" data-rel=\"lightbox-gallery-1\"><img src=\"https:\/\/www.dieu-est-un-fumeur-de-havanes.fr\/wp-content\/uploads\/2018\/11\/2013-juillet-pyrenees-cat-7-250x250.jpg\" width=\"250\" height=\"250\" \/><span class=\"rl-gallery-caption\"><span class=\"rl-gallery-item-title\">Pyr\u00e9n\u00e9es catalanes<\/span><span class=\"rl-gallery-item-caption\">France - juillet 2013<\/span><\/span><\/a><\/div><div class=\"rl-gallery-item\"><a href=\"https:\/\/www.dieu-est-un-fumeur-de-havanes.fr\/wp-content\/uploads\/2018\/11\/2014-juillet-pyrenees-cat-7-1024x768.jpg\" title=\"Pyr\u00e9n\u00e9es catalanes\" data-rl_title=\"Pyr\u00e9n\u00e9es catalanes\" class=\"rl-gallery-link\" data-rl_caption=\"France - juillet 2014\" data-rel=\"lightbox-gallery-1\"><img src=\"https:\/\/www.dieu-est-un-fumeur-de-havanes.fr\/wp-content\/uploads\/2018\/11\/2014-juillet-pyrenees-cat-7-250x250.jpg\" width=\"250\" height=\"250\" \/><span class=\"rl-gallery-caption\"><span class=\"rl-gallery-item-title\">Pyr\u00e9n\u00e9es catalanes<\/span><span class=\"rl-gallery-item-caption\">France - juillet 2014<\/span><\/span><\/a><\/div><div class=\"rl-gallery-item\"><a href=\"https:\/\/www.dieu-est-un-fumeur-de-havanes.fr\/wp-content\/uploads\/2018\/11\/2013-juillet-pyrenees-cat-2-1024x768.jpg\" title=\"Pyr\u00e9n\u00e9es catalanes\" data-rl_title=\"Pyr\u00e9n\u00e9es catalanes\" class=\"rl-gallery-link\" data-rl_caption=\"France - juillet 2013\" data-rel=\"lightbox-gallery-1\"><img src=\"https:\/\/www.dieu-est-un-fumeur-de-havanes.fr\/wp-content\/uploads\/2018\/11\/2013-juillet-pyrenees-cat-2-250x250.jpg\" width=\"250\" height=\"250\" \/><span class=\"rl-gallery-caption\"><span class=\"rl-gallery-item-title\">Pyr\u00e9n\u00e9es catalanes<\/span><span class=\"rl-gallery-item-caption\">France - juillet 2013<\/span><\/span><\/a><\/div><div class=\"rl-gallery-item\"><a href=\"https:\/\/www.dieu-est-un-fumeur-de-havanes.fr\/wp-content\/uploads\/2018\/11\/2014-juillet-pyrenees-cat-8-1024x768.jpg\" title=\"Lac de Matemale, Pyr\u00e9n\u00e9es catalanes\" data-rl_title=\"Lac de Matemale, Pyr\u00e9n\u00e9es catalanes\" class=\"rl-gallery-link\" data-rl_caption=\"France - juillet 2014\" data-rel=\"lightbox-gallery-1\"><img src=\"https:\/\/www.dieu-est-un-fumeur-de-havanes.fr\/wp-content\/uploads\/2018\/11\/2014-juillet-pyrenees-cat-8-250x250.jpg\" width=\"250\" height=\"250\" \/><span class=\"rl-gallery-caption\"><span class=\"rl-gallery-item-title\">Lac de Matemale, Pyr\u00e9n\u00e9es catalanes<\/span><span class=\"rl-gallery-item-caption\">France - juillet 2014<\/span><\/span><\/a><\/div><div class=\"rl-gallery-item\"><a href=\"https:\/\/www.dieu-est-un-fumeur-de-havanes.fr\/wp-content\/uploads\/2018\/11\/2014-juillet-pyrenees-cat-5-1024x768.jpg\" title=\"Pla de Barr\u00e8s, Pyr\u00e9n\u00e9es catalanes\" data-rl_title=\"Pla de Barr\u00e8s, Pyr\u00e9n\u00e9es catalanes\" class=\"rl-gallery-link\" data-rl_caption=\"France - juillet 2014\" data-rel=\"lightbox-gallery-1\"><img src=\"https:\/\/www.dieu-est-un-fumeur-de-havanes.fr\/wp-content\/uploads\/2018\/11\/2014-juillet-pyrenees-cat-5-250x250.jpg\" width=\"250\" height=\"250\" \/><span class=\"rl-gallery-caption\"><span class=\"rl-gallery-item-title\">Pla de Barr\u00e8s, Pyr\u00e9n\u00e9es catalanes<\/span><span class=\"rl-gallery-item-caption\">France - juillet 2014<\/span><\/span><\/a><\/div><div class=\"rl-gallery-item\"><a href=\"https:\/\/www.dieu-est-un-fumeur-de-havanes.fr\/wp-content\/uploads\/2018\/11\/2013-juillet-pyrenees-cat-6-1024x768.jpg\" title=\"Pyr\u00e9n\u00e9es catalanes\" data-rl_title=\"Pyr\u00e9n\u00e9es catalanes\" class=\"rl-gallery-link\" data-rl_caption=\"France - juillet 2013\" data-rel=\"lightbox-gallery-1\"><img src=\"https:\/\/www.dieu-est-un-fumeur-de-havanes.fr\/wp-content\/uploads\/2018\/11\/2013-juillet-pyrenees-cat-6-250x250.jpg\" width=\"250\" height=\"250\" \/><span class=\"rl-gallery-caption\"><span class=\"rl-gallery-item-title\">Pyr\u00e9n\u00e9es catalanes<\/span><span class=\"rl-gallery-item-caption\">France - juillet 2013<\/span><\/span><\/a><\/div> <\/div> <\/div><\/p>\n","protected":false},"excerpt":{"rendered":"","protected":false},"author":1,"featured_media":1462,"parent":254,"menu_order":10,"comment_status":"closed","ping_status":"closed","template":"","meta":[],"_links":{"self":[{"href":"https:\/\/www.dieu-est-un-fumeur-de-havanes.fr\/index.php\/wp-json\/wp\/v2\/pages\/1441"}],"collection":[{"href":"https:\/\/www.dieu-est-un-fumeur-de-havanes.fr\/index.php\/wp-json\/wp\/v2\/pages"}],"about":[{"href":"https:\/\/www.dieu-est-un-fumeur-de-havanes.fr\/index.php\/wp-json\/wp\/v2\/types\/page"}],"author":[{"embeddable":true,"href":"https:\/\/www.dieu-est-un-fumeur-de-havanes.fr\/index.php\/wp-json\/wp\/v2\/users\/1"}],"replies":[{"embeddable":true,"href":"https:\/\/www.dieu-est-un-fumeur-de-havanes.fr\/index.php\/wp-json\/wp\/v2\/comments?post=1441"}],"version-history":[{"count":3,"href":"https:\/\/www.dieu-est-un-fumeur-de-havanes.fr\/index.php\/wp-json\/wp\/v2\/pages\/1441\/revisions"}],"predecessor-version":[{"id":1511,"href":"https:\/\/www.dieu-est-un-fumeur-de-havanes.fr\/index.php\/wp-json\/wp\/v2\/pages\/1441\/revisions\/1511"}],"up":[{"embeddable":true,"href":"https:\/\/www.dieu-est-un-fumeur-de-havanes.fr\/index.php\/wp-json\/wp\/v2\/pages\/254"}],"wp:featuredmedia":[{"embeddable":true,"href":"https:\/\/www.dieu-est-un-fumeur-de-havanes.fr\/index.php\/wp-json\/wp\/v2\/media\/1462"}],"wp:attachment":[{"href":"https:\/\/www.dieu-est-un-fumeur-de-havanes.fr\/index.php\/wp-json\/wp\/v2\/media?parent=1441"}],"curies":[{"name":"wp","href":"https:\/\/api.w.org\/{rel}","templated":true}]}}